{"id":2717,"date":"2018-04-19T14:12:12","date_gmt":"2018-04-19T11:12:12","guid":{"rendered":"https:\/\/www.cundasirahotel.com\/iletisim\/"},"modified":"2024-07-20T21:38:59","modified_gmt":"2024-07-20T18:38:59","slug":"contact-us","status":"publish","type":"page","link":"https:\/\/www.cundasirahotel.com\/en\/contact-us\/","title":{"rendered":"Contact Us"},"content":{"rendered":"<div class=\"wpb-content-wrapper\"><p>[vc_row full_width=&#8221;stretch_row_content_no_spaces&#8221; css=&#8221;.vc_custom_1531697180247{padding-bottom: 10px !important;}&#8221;][vc_column][vc_gmaps link=&#8221;#E-8_JTNDaWZyYW1lJTIwc3JjJTNEJTIyaHR0cHMlM0ElMkYlMkZ3d3cuZ29vZ2xlLmNvbSUyRm1hcHMlMkZlbWJlZCUzRnBiJTNEJTIxMW0xOCUyMTFtMTIlMjExbTMlMjExZDMwODYuMDE1MTU3NzI3MTcxMyUyMTJkMjYuNjgwMzM5OTk5OTk5OTk0JTIxM2QzOS4zMzMyNDIxJTIxMm0zJTIxMWYwJTIxMmYwJTIxM2YwJTIxM20yJTIxMWkxMDI0JTIxMmk3NjglMjE0ZjEzLjElMjEzbTMlMjExbTIlMjExczB4MTRiYTc3MGYwYTAwZGU1NSUyNTNBMHhiMzQ5ZTIxNmE5YmVjOWViJTIxMnMlMjVDNSUyNTlFaXJhJTI1MjBQYW5zaXlvbiUyNTIwQ3VuZGElMjE1ZTAlMjEzbTIlMjExc3RyJTIxMnN0ciUyMTR2MTcxNjIxMzIxOTg1NSUyMTVtMiUyMTFzdHIlMjEyc3RyJTIyJTIwd2lkdGglM0QlMjIxMDAlMjUlMjIlMjBoZWlnaHQlM0QlMjI1MDAlMjIlMjBzdHlsZSUzRCUyMmJvcmRlciUzQTAlM0IlMjIlMjBhbGxvd2Z1bGxzY3JlZW4lM0QlMjIlMjIlMjBsb2FkaW5nJTNEJTIybGF6eSUyMiUyMHJlZmVycmVycG9saWN5JTNEJTIybm8tcmVmZXJyZXItd2hlbi1kb3duZ3JhZGUlMjIlM0UlM0MlMkZpZnJhbWUlM0U=&#8221; css=&#8221;&#8221;][\/vc_column][\/vc_row][vc_row][vc_column][vc_empty_space height=&#8221;100px&#8221;][\/vc_column][\/vc_row][vc_row][vc_column width=&#8221;2\/3&#8243;]\t\t\t<div\r\n\t\t\t\tclass=\"main_title  text-left  \">\r\n\t\t\t\t<h2 class=\"title\">YOUR MESSAGE<\/h2>\r\n\t\t\t\t\t\t\t<\/div>\r\n\t\t\n<div class=\"wpcf7 no-js\" id=\"wpcf7-f2458-o1\" lang=\"en-US\" dir=\"ltr\">\n<div class=\"screen-reader-response\"><p role=\"status\" aria-live=\"polite\" aria-atomic=\"true\"><\/p> <ul><\/ul><\/div>\n<form action=\"\/en\/wp-json\/wp\/v2\/pages\/2717#wpcf7-f2458-o1\" method=\"post\" class=\"wpcf7-form init\" aria-label=\"Contact form\" novalidate=\"novalidate\" data-status=\"init\">\n<div style=\"display: none;\">\n<input type=\"hidden\" name=\"_wpcf7\" value=\"2458\" \/>\n<input type=\"hidden\" name=\"_wpcf7_version\" value=\"5.9.7\" \/>\n<input type=\"hidden\" name=\"_wpcf7_locale\" value=\"en_US\" \/>\n<input type=\"hidden\" name=\"_wpcf7_unit_tag\" value=\"wpcf7-f2458-o1\" \/>\n<input type=\"hidden\" name=\"_wpcf7_container_post\" value=\"0\" \/>\n<input type=\"hidden\" name=\"_wpcf7_posted_data_hash\" value=\"\" \/>\n<\/div>\n<div class=\"contact-page-form\">\n<div class=\"wpcf7-response-output\" aria-hidden=\"true\"><\/div>\n\t<div class=\"row\">\n\t\t<div class=\"form-group col-md-6\">\n\t\t\t<p><span class=\"wpcf7-form-control-wrap\" data-name=\"your-name\"><input size=\"40\" maxlength=\"400\" class=\"wpcf7-form-control wpcf7-text wpcf7-validates-as-required form-control\" aria-required=\"true\" aria-invalid=\"false\" placeholder=\"Your Name\" value=\"\" type=\"text\" name=\"your-name\" \/><\/span>\n\t\t\t<\/p>\n\t\t<\/div>\n\t\t<div class=\"form-group col-md-6\">\n\t\t\t<p><span class=\"wpcf7-form-control-wrap\" data-name=\"your-phone\"><input size=\"40\" maxlength=\"400\" class=\"wpcf7-form-control wpcf7-text wpcf7-validates-as-required form-control\" aria-required=\"true\" aria-invalid=\"false\" placeholder=\"Your Phone\" value=\"\" type=\"text\" name=\"your-phone\" \/><\/span>\n\t\t\t<\/p>\n\t\t<\/div>\n\t\t<div class=\"form-group col-md-6\">\n\t\t\t<p><span class=\"wpcf7-form-control-wrap\" data-name=\"your-email\"><input size=\"40\" maxlength=\"400\" class=\"wpcf7-form-control wpcf7-email wpcf7-validates-as-required wpcf7-text wpcf7-validates-as-email form-control\" aria-required=\"true\" aria-invalid=\"false\" placeholder=\"Your Email\" value=\"\" type=\"email\" name=\"your-email\" \/><\/span>\n\t\t\t<\/p>\n\t\t<\/div>\n\t\t<div class=\"form-group col-md-6\">\n\t\t\t<p><span class=\"wpcf7-form-control-wrap\" data-name=\"your-subject\"><input size=\"40\" maxlength=\"400\" class=\"wpcf7-form-control wpcf7-text form-control\" aria-invalid=\"false\" placeholder=\"Subject\" value=\"\" type=\"text\" name=\"your-subject\" \/><\/span>\n\t\t\t<\/p>\n\t\t<\/div>\n\t<\/div>\n\t<div class=\"form-group\">\n\t\t<p><span class=\"wpcf7-form-control-wrap\" data-name=\"your-message\"><textarea cols=\"40\" rows=\"10\" maxlength=\"2000\" class=\"wpcf7-form-control wpcf7-textarea wpcf7-validates-as-required form-control\" aria-required=\"true\" aria-invalid=\"false\" placeholder=\"Your Message\" name=\"your-message\"><\/textarea><\/span>\n\t\t<\/p>\n\t<\/div>\n\t<div class=\"form-group\">\n\t\t<p><span class=\"wpcf7-form-control-wrap\" data-name=\"terms\"><span class=\"wpcf7-form-control wpcf7-checkbox wpcf7-validates-as-required\"><span class=\"wpcf7-list-item first last\"><input type=\"checkbox\" name=\"terms[]\" value=\"Select to accept the Terms and Conditions.\" \/><span class=\"wpcf7-list-item-label\">Select to accept the Terms and Conditions.<\/span><\/span><\/span><\/span>\n\t\t<\/p>\n\t<\/div>\n\t<p><input class=\"wpcf7-form-control wpcf7-submit has-spinner button btn-lg mt30\" type=\"submit\" value=\"Send\" \/>\n\t<\/p>\n<\/div>\n<\/form>\n<\/div>\n[\/vc_column][vc_column width=&#8221;1\/3&#8243;][vc_row_inner][vc_column_inner offset=&#8221;vc_hidden-lg vc_hidden-md&#8221;][vc_empty_space height=&#8221;50&#8243;][\/vc_column_inner][\/vc_row_inner]\t\t\t<div\r\n\t\t\t\tclass=\"main_title  text-left  \">\r\n\t\t\t\t<h2 class=\"title\">CONTACT US<\/h2>\r\n\t\t\t\t\t\t\t<\/div>\r\n\t\t[vc_column_text css=&#8221;&#8221; el_class=&#8221;contact-info&#8221;]<strong>ADDRESS:<\/strong><\/p>\n<p>Mithatpa\u015fa Mah. Mevlana Cad. 26. Sk. (28\/1. Sk. Kesi\u015fim) No:6, Cunda Adas\u0131, Ayval\u0131k\/Bal\u0131kesir<\/p>\n<p><strong>PHONE:<\/strong><\/p>\n<p>+90 (545) 531 23 73[\/vc_column_text]    <div class=\"social_media\">\r\n              <a class=\"facebook\" href=\"#\"><i class=\"fa fa-facebook\"><\/i><\/a>\r\n                    <a class=\"twitter\" href=\"#\"><i class=\"fa fa-twitter\"><\/i><\/a>\r\n                                      <a class=\"instagram\" href=\"#\"><i class=\"fa fa-instagram\"><\/i><\/a>\r\n          <\/div>\r\n\r\n\t\t[\/vc_column][\/vc_row][vc_row][vc_column][vc_empty_space height=&#8221;100&#8243;][\/vc_column][\/vc_row]<\/p>\n<\/div>","protected":false},"excerpt":{"rendered":"<p>[vc_row full_width=&#8221;stretch_row_content_no_spaces&#8221; css=&#8221;.vc_custom_1531697180247{padding-bottom: 10px !important;}&#8221;][vc_column][vc_gmaps link=&#8221;#E-8_JTNDaWZyYW1lJTIwc3JjJTNEJTIyaHR0cHMlM0ElMkYlMkZ3d3cuZ29vZ2xlLmNvbSUyRm1hcHMlMkZlbWJlZCUzRnBiJTNEJTIxMW0xOCUyMTFtMTIlMjExbTMlMjExZDMwODYuMDE1MTU3NzI3MTcxMyUyMTJkMjYuNjgwMzM5OTk5OTk5OTk0JTIxM2QzOS4zMzMyNDIxJTIxMm0zJTIxMWYwJTIxMmYwJTIxM2YwJTIxM20yJTIxMWkxMDI0JTIxMmk3NjglMjE0ZjEzLjElMjEzbTMlMjExbTIlMjExczB4MTRiYTc3MGYwYTAwZGU1NSUyNTNBMHhiMzQ5ZTIxNmE5YmVjOWViJTIxMnMlMjVDNSUyNTlFaXJhJTI1MjBQYW5zaXlvbiUyNTIwQ3VuZGElMjE1ZTAlMjEzbTIlMjExc3RyJTIxMnN0ciUyMTR2MTcxNjIxMzIxOTg1NSUyMTVtMiUyMTFzdHIlMjEyc3RyJTIyJTIwd2lkdGglM0QlMjIxMDAlMjUlMjIlMjBoZWlnaHQlM0QlMjI1MDAlMjIlMjBzdHlsZSUzRCUyMmJvcmRlciUzQTAlM0IlMjIlMjBhbGxvd2Z1bGxzY3JlZW4lM0QlMjIlMjIlMjBsb2FkaW5nJTNEJTIybGF6eSUyMiUyMHJlZmVycmVycG9saWN5JTNEJTIybm8tcmVmZXJyZXItd2hlbi1kb3duZ3JhZGUlMjIlM0UlM0MlMkZpZnJhbWUlM0U=&#8221; css=&#8221;&#8221;][\/vc_column][\/vc_row][vc_row][vc_column][vc_empty_space height=&#8221;100px&#8221;][\/vc_column][\/vc_row][vc_row][vc_column width=&#8221;2\/3&#8243;][\/vc_column][vc_column width=&#8221;1\/3&#8243;][vc_row_inner][vc_column_inner offset=&#8221;vc_hidden-lg vc_hidden-md&#8221;][vc_empty_space height=&#8221;50&#8243;][\/vc_column_inner][\/vc_row_inner][vc_column_text css=&#8221;&#8221; el_class=&#8221;contact-info&#8221;]ADDRESS: Mithatpa\u015fa Mah. Mevlana Cad. 26. Sk. (28\/1. Sk. Kesi\u015fim) No:6, Cunda Adas\u0131, Ayval\u0131k\/Bal\u0131kesir PHONE: +90 (545) 531 23 73[\/vc_column_text][\/vc_column][\/vc_row][vc_row][vc_column][vc_empty_space height=&#8221;100&#8243;][\/vc_column][\/vc_row]<\/p>\n","protected":false},"author":1,"featured_media":0,"parent":0,"menu_order":0,"comment_status":"closed","ping_status":"closed","template":"","meta":{"footnotes":""},"class_list":["post-2717","page","type-page","status-publish","hentry"],"_links":{"self":[{"href":"https:\/\/www.cundasirahotel.com\/en\/wp-json\/wp\/v2\/pages\/2717","targetHints":{"allow":["GET"]}}],"collection":[{"href":"https:\/\/www.cundasirahotel.com\/en\/wp-json\/wp\/v2\/pages"}],"about":[{"href":"https:\/\/www.cundasirahotel.com\/en\/wp-json\/wp\/v2\/types\/page"}],"author":[{"embeddable":true,"href":"https:\/\/www.cundasirahotel.com\/en\/wp-json\/wp\/v2\/users\/1"}],"replies":[{"embeddable":true,"href":"https:\/\/www.cundasirahotel.com\/en\/wp-json\/wp\/v2\/comments?post=2717"}],"version-history":[{"count":0,"href":"https:\/\/www.cundasirahotel.com\/en\/wp-json\/wp\/v2\/pages\/2717\/revisions"}],"wp:attachment":[{"href":"https:\/\/www.cundasirahotel.com\/en\/wp-json\/wp\/v2\/media?parent=2717"}],"curies":[{"name":"wp","href":"https:\/\/api.w.org\/{rel}","templated":true}]}}