{"id":2723,"date":"2018-02-17T13:08:13","date_gmt":"2018-02-17T10:08:13","guid":{"rendered":"https:\/\/www.cundasirahotel.com\/cunda-adasi\/"},"modified":"2024-07-20T22:50:13","modified_gmt":"2024-07-20T19:50:13","slug":"cunda-island","status":"publish","type":"page","link":"https:\/\/www.cundasirahotel.com\/en\/cunda-island\/","title":{"rendered":"Cunda Island"},"content":{"rendered":"<div class=\"wpb-content-wrapper\"><p>[vc_row full_width=&#8221;stretch_row&#8221;][vc_column width=&#8221;1\/2&#8243;]\t\t\t<div\r\n\t\t\t\tclass=\"main_title  text-left  \">\r\n\t\t\t\t<h2 class=\"title\">Cunda Island<\/h2>\r\n\t\t\t\t\t\t\t\t\t<p class=\"main_description\">A star in island life with its rooms with a unique view by the sea...<\/p>\r\n\t\t\t\t\t\t\t<\/div>\r\n\t\t[vc_column_text css=&#8221;&#8221;]If you have not been our guest yet, Cunda Island is an island that can be reached not only by sea but also by land. Cunda is connected to Lale Island and then to Ayval\u0131k by a bridge.<\/p>\n<p>You can enjoy the sea on its beaches and bays.<\/p>\n<p>You can walk along the cobblestones and visit historical mansions, cafes and shops. Enjoying Cretan and Aegean cuisine and sea views await you at fish restaurants.<\/p>\n<p>Cunda Island is surrounded by islands and bays. Tours to other islands are organized every day.[\/vc_column_text][\/vc_column][vc_column width=&#8221;1\/2&#8243;][vc_single_image image=&#8221;2302&#8243; img_size=&#8221;large&#8221; css=&#8221;&#8221;][\/vc_column][\/vc_row][vc_row][vc_column][vc_column_text css=&#8221;&#8221;]Enjoy the beautiful view at Lovers Hill. There is also Agios Yannis Church \/ Sevim and Necdet City Library on the hill. 1300 books from the old period are exhibited in the library. Would you like to examine the books it has in a magnificent view?<\/p>\n<p>Taksiyarhis Church \/ Rahmi Ko\u00e7 Museum: The church was converted into a museum. The museum can be visited on days other than Mondays.<\/p>\n<p>Nature exploration by bike. Since one side of the roads on our island is reserved as a bicycle route, it is among the routes of bicycle lovers.[\/vc_column_text][\/vc_column][\/vc_row][vc_row][vc_column][vc_empty_space height=&#8221;50&#8243;]\t\t\t<div\r\n\t\t\t\tclass=\"main_title  text-left  \">\r\n\t\t\t\t<h2 class=\"title\">Places to Visit<\/h2>\r\n\t\t\t\t\t\t\t\t\t<p class=\"main_description\">What Cunda Lovers Do Not Return Without Seeing<\/p>\r\n\t\t\t\t\t\t\t<\/div>\r\n\t\t[\/vc_column][\/vc_row][vc_row full_width=&#8221;stretch_row&#8221;][vc_column width=&#8221;1\/2&#8243;][vc_single_image image=&#8221;2314&#8243; img_size=&#8221;large&#8221; css=&#8221;&#8221;][\/vc_column][vc_column width=&#8221;1\/2&#8243;][vc_column_text css=&#8221;&#8221;]<\/p>\n<ul>\n<li><strong>Taksiyarhis Church \/ Rahmi Ko\u00e7 Museum <\/strong>The church was converted into a museum. The museum can be visited on days other than Mondays.<\/li>\n<li><strong>Lovers Hill<\/strong> Windmill and Sevim and Necdet City Library were created by the restoration of Agios Yannis Church.<\/li>\n<li>Fish restaurants, taverns and cafes in the <strong>Island Center.<\/strong><\/li>\n<li><strong>Chicken Island Monastery (Ayiu Ionnu Tu Podrom)<\/strong> It was built on Tavuk Island opposite Cunda Island.<\/li>\n<li><strong>Pigeon Island Monastery (Ai Yorgi)<\/strong> It was built on a small island made of andesite in the middle of Pateri\u00e7a Bay.<\/li>\n<li><strong>Nature Park<\/strong> Scenic nature reserve covered with trees. Nature exploration by bike.<\/li>\n<li><strong>Beaches and Bays<\/strong> Cunda Island is surrounded by islands and bays. Tours to other islands are organized every day.<\/li>\n<\/ul>\n<p>[\/vc_column_text][\/vc_column][\/vc_row][vc_row][vc_column][vc_empty_space height=&#8221;50&#8243;]\t\t\t<div\r\n\t\t\t\tclass=\"main_title  text-left  \">\r\n\t\t\t\t<h2 class=\"title\">Bicycle Routes<\/h2>\r\n\t\t\t\t\t\t\t\t\t<p class=\"main_description\">Bicycle friendly, roads...<\/p>\r\n\t\t\t\t\t\t\t<\/div>\r\n\t\t[vc_column_text css=&#8221;&#8221;]Adam\u0131z i\u00e7indeki yollar\u0131n bir taraf\u0131 bisiklet g\u00fczergah\u0131 olarak ayr\u0131ld\u0131\u011f\u0131ndan bisiklet severlerin rotalar\u0131n\u0131n aras\u0131nda. Ayr\u0131lan yollar\u0131n,\u00a0 asfalt yollar\u0131n ve do\u011fan\u0131n i\u00e7indeki toprak yollar\u0131n g\u00fczergahlar\u0131n\u0131 inceleyebilirsiniz.[\/vc_column_text][\/vc_column][\/vc_row]<\/p>\n<\/div>","protected":false},"excerpt":{"rendered":"<p>[vc_row full_width=&#8221;stretch_row&#8221;][vc_column width=&#8221;1\/2&#8243;][vc_column_text css=&#8221;&#8221;]If you have not been our guest yet, Cunda Island is an island that can be reached not only by sea but also by land. Cunda is connected to Lale Island and then to Ayval\u0131k by a bridge. You can enjoy the sea on its beaches and bays. You can walk along [&hellip;]<\/p>\n","protected":false},"author":1,"featured_media":2701,"parent":0,"menu_order":0,"comment_status":"closed","ping_status":"closed","template":"","meta":{"footnotes":""},"class_list":["post-2723","page","type-page","status-publish","has-post-thumbnail","hentry"],"_links":{"self":[{"href":"https:\/\/www.cundasirahotel.com\/en\/wp-json\/wp\/v2\/pages\/2723","targetHints":{"allow":["GET"]}}],"collection":[{"href":"https:\/\/www.cundasirahotel.com\/en\/wp-json\/wp\/v2\/pages"}],"about":[{"href":"https:\/\/www.cundasirahotel.com\/en\/wp-json\/wp\/v2\/types\/page"}],"author":[{"embeddable":true,"href":"https:\/\/www.cundasirahotel.com\/en\/wp-json\/wp\/v2\/users\/1"}],"replies":[{"embeddable":true,"href":"https:\/\/www.cundasirahotel.com\/en\/wp-json\/wp\/v2\/comments?post=2723"}],"version-history":[{"count":0,"href":"https:\/\/www.cundasirahotel.com\/en\/wp-json\/wp\/v2\/pages\/2723\/revisions"}],"wp:featuredmedia":[{"embeddable":true,"href":"https:\/\/www.cundasirahotel.com\/en\/wp-json\/wp\/v2\/media\/2701"}],"wp:attachment":[{"href":"https:\/\/www.cundasirahotel.com\/en\/wp-json\/wp\/v2\/media?parent=2723"}],"curies":[{"name":"wp","href":"https:\/\/api.w.org\/{rel}","templated":true}]}}